{"id":26263,"date":"2023-11-09T17:26:17","date_gmt":"2023-11-09T16:26:17","guid":{"rendered":"https:\/\/linnek.se\/wpbc-booking\/"},"modified":"2023-11-09T17:26:17","modified_gmt":"2023-11-09T16:26:17","slug":"wpbc-booking","status":"publish","type":"page","link":"https:\/\/linnek.se\/eng\/wpbc-booking\/","title":{"rendered":"Bokningsformul\u00e4r"},"content":{"rendered":"<div id=\"form_id661208602188\" class=\"wpbc_container wpbc_form wpbc_container_booking_form\" ><form id=\"booking_form1\" class=\"booking_form vertical\" method=\"post\" action=\"\" data-trp-original-action=\"\"><div id=\"ajax_respond_insert1\" class=\"ajax_respond_insert\" style=\"display:none;\"><\/div><a name=\"bklnk1\" id=\"bklnk1\"><\/a><div id=\"booking_form_div1\" class=\"booking_form_div\"><style type=\"text\/css\">.wpbc_container_booking_form .block_hints, .wpbc_booking_form_simple.wpbc_form_center .wpbc__form__div .wpbc__row.wpbc_r_calendar, .wpbc_booking_form_simple .wpbc__form__div .wpbc__row:not(.wpbc_r_calendar){max-width:440px;} <\/style>\n<div class=\"wpbc_booking_form_simple\">\n<div class=\"wpbc__row\">\n  <div class=\"wpbc__field\">\n    <div class=\"wpbc_calendar_wraper wpbc_change_over_triangle wpbc_calendar_skin_legacy\"><div class=\"wpbc_cal_container bk_calendar_frame wpbc_no_custom_width  months_num_in_row_ cal_month_num_1 wpbc_timeslot_day_bg_as_available\" style=\"\"><div id=\"calendar_booking1\"  class=\"wpbc_calendar_id_1\" >\t<div class=\"calendar_loader_frame calendar_loader_frame1\"\r\n\t\tdata-wpbc-rid=\"1\"\r\n\t\tdata-wpbc-grace=\"8000\"\r\n\t\tstyle=\"--wpbc-loader-cols: 1;\"\r\n\t>\r\n\t\t<div class=\"calendar_loader_text\">Loading...<\/div>\r\n\t\t<div class=\"calendar_loader_frame__progress_line_container\">\r\n\t\t\t<div class=\"calendar_loader_frame__progress_line\"><\/div>\r\n\t\t<\/div>\r\n\t<\/div>\r\n\t<\/div><\/div><div style=\"font-size:7px;text-align:left;margin:0 0 10px;text-shadow: none;\">Powered by <a href=\"https:\/\/wpbookingcalendar.com\" style=\"font-size:7px;\" target=\"_blank\" title=\"Booking Calendar plugin for WordPress\">Booking Calendar<\/a><\/div><textarea id=\"date_booking1\" name=\"date_booking1\" autocomplete=\"off\" style=\"display:none;\"><\/textarea><div class=\"block_hints datepick\"><div class=\"wpdev_hint_with_text\"><div class=\"\"><div class=\"datepick-inline wpbc_calendar_legend_table_width_height\"><table class=\"datepick wpbc_calendar\" style=\"\"><tbody><tr><td class=\"datepick-days-cell date_available wpbc_calendar_legend_day_cell_height\"><div class=\"wpbc-cell-box\">\t<div class=\"date-cell-content\">\t\t<div class=\"date-content-top\"><\/div>\t\t<a>&nbsp;<\/a>\t\t<div class=\"date-content-bottom\"><\/div>\t<\/div><\/div><\/td><\/tr><\/tbody><\/table><\/div><\/div><div class=\"block_text\">- <\/div><div class=\"block_text\">Tillg\u00e4nglig<\/div><\/div><div class=\"wpdev_hint_with_text\"><div class=\"\"><div class=\"datepick-inline wpbc_calendar_legend_table_width_height\"><table class=\"datepick wpbc_calendar\" style=\"\"><tbody><tr><td class=\"datepick-days-cell datepick-unselectable date_user_unavailable full_day_booking date_approved wpbc_calendar_legend_day_cell_height\"><div class=\"wpbc-cell-box\">\t<div class=\"date-cell-content\">\t\t<div class=\"date-content-top\"><\/div>\t\t<span>&nbsp;<\/span>\t\t<div class=\"date-content-bottom\"><\/div>\t<\/div><\/div><\/td><\/tr><\/tbody><\/table><\/div><\/div><div class=\"block_text\">- <\/div><div class=\"block_text\">Bokad<\/div><\/div><div class=\"wpdev_hint_with_text\"><div class=\"\"><div class=\"datepick-inline wpbc_calendar_legend_table_width_height\"><table class=\"datepick wpbc_calendar\" style=\"\"><tbody><tr><td class=\"datepick-days-cell datepick-unselectable date_user_unavailable full_day_booking date2approve wpbc_calendar_legend_day_cell_height\"><div class=\"wpbc-cell-box\">\t<div class=\"date-cell-content\">\t\t<div class=\"date-content-top\"><\/div>\t\t<span>&nbsp;<\/span>\t\t<div class=\"date-content-bottom\"><\/div>\t<\/div><\/div><\/td><\/tr><\/tbody><\/table><\/div><\/div><div class=\"block_text\">- <\/div><div class=\"block_text\">Reserverad<\/div><\/div><div class=\"wpdev_hint_with_text\"><div class=\"\"><span class=\"wpbc_timeslot_day_bg_as_available wpbc_change_over_triangle\"><div class=\"datepick-inline wpbc_calendar_legend_table_width_height\"><table class=\"datepick wpbc_calendar\" style=\"\"><tbody><tr><td class=\"datepick-days-cell date_available date2approve timespartly times_clock wpbc_calendar_legend_day_cell_height\"><div class=\"wpbc-cell-box\">\t<div class=\"wpbc-diagonal-el\">\t\t<div class=\"wpbc-co-out\"><svg height=\"100%\" width=\"100%\" viewbox=\"0 0 100 100\" preserveaspectratio=\"none\"><polygon points=\"0,0 0,99 99,0\"><\/polygon><polygon points=\"0,0 0,100 49,100 49,0\"><\/polygon><\/svg><\/div>\t\t<div class=\"wpbc-co-in\"><svg height=\"100%\" width=\"100%\" viewbox=\"0 0 98 98\" preserveaspectratio=\"none\"><polygon points=\"0,99 99,99 99,0\"><\/polygon><polygon points=\"50,98 98,98 98,0 50,0\"><\/polygon><\/svg><\/div>\t<\/div>\t<div class=\"date-cell-content\">\t\t<div class=\"date-content-top\"><div class=\"wpbc_time_dots\">\u00b7<\/div><\/div>\t\t<a>&nbsp;<\/a>\t\t<div class=\"date-content-bottom\"><\/div>\t<\/div><\/div><\/td><\/tr><\/tbody><\/table><\/div><\/span><\/div><div class=\"block_text\">- <\/div><div class=\"block_text\">Delvis bokad<\/div><\/div><\/div><\/div>\n  <\/div>\n  <div class=\"wpbc__field\">\n<div class=\"wpbc__form__div\">\n\t\t\t<div class=\"wpbc__row\">\n\t\t\t\t<div class=\"wpbc_r_forening wpbc__field\"> <label>F\u00f6rening*<\/label><br><span class=\"wpbc_wrap_text wpdev-form-control-wrap forening1\"><input type=\"text\" name=\"forening1\" value=\"\" autocomplete=\"forening\" class=\"wpdev-validates-as-required\" size=\"40\" \/><\/span> <\/div>\n\t\t\t<\/div>\n\t\t\t<div class=\"wpbc__row\">\n\t\t\t\t<div class=\"wpbc_r_name wpbc__field\"> <label>Kontaktperson namn*<\/label><br><span class=\"wpbc_wrap_text wpdev-form-control-wrap name1\"><input type=\"text\" name=\"name1\" value=\"\" autocomplete=\"name\" class=\"wpdev-validates-as-required\" size=\"40\" \/><\/span> <\/div>\n\t\t\t<\/div>\n\t\t\t<div class=\"wpbc__row\">\n\t\t\t\t<div class=\"wpbc_r_email wpbc__field\"> <label>E-post*<\/label><br><span class=\"wpbc_wrap_text wpdev-form-control-wrap email1\"><input type=\"email\" name=\"email1\" value=\"\" autocomplete=\"email\" class=\"wpdev-validates-as-email wpdev-validates-as-required\" size=\"40\" \/><\/span> <\/div>\n\t\t\t<\/div>\n\t\t\t<div class=\"wpbc__row\">\n\t\t\t\t<div class=\"wpbc_r_phone wpbc__field\"> <label>Telefon*<\/label><br><span class=\"wpbc_wrap_text wpdev-form-control-wrap phone1\"><input type=\"text\" name=\"phone1\" value=\"\" autocomplete=\"phone\" class=\"wpdev-validates-as-required\" size=\"40\" \/><\/span> <\/div>\n\t\t\t<\/div>\n\t\t\t<div class=\"wpbc__row\">\n\t\t\t\t<div class=\"wpbc_r_details wpbc__field\"> <label>Typ av evenemang*<\/label><br><span class=\"wpbc_wrap_textarea wpdev-form-control-wrap details1\"><textarea name=\"details1\" autocomplete=\"details\" class=\"wpdev-validates-as-required\"><\/textarea><\/span> <\/div>\n\t\t\t<\/div>\n\t\t\t<div class=\"wpbc__row\">\n\t\t\t\t<div class=\"wpbc_r_rangetime wpbc__field\"> <label>Tidsintervall*<\/label><br><span class=\"wpbc_wrap_select wpdev-form-control-wrap rangetime1\"><select onchange=\"javascript:if(typeof( wpbc_show_cost_hints_after_few_seconds )=='function'){wpbc_show_cost_hints_after_few_seconds(1);}\" name=\"rangetime1\" autocomplete=\"rangetime\" class=\"wpdev-validates-as-required\"><option value=\"08:00 - 12:00\">08:00 - 12:00<\/option><option value=\"12:00 - 18:00\">12:00 - 18:00<\/option><option value=\"18:00 - 23:59\">18:00 - 01:00<\/option><\/select><\/span> <\/div>\n\t\t\t<\/div>\n\t\t\t<div class=\"wpbc__row\">\n\t\t\t\t<div class=\"wpbc_r_captcha wpbc__field\"> <label><\/label><br><span class=\"wpbc_text_captcha_container wpdev-form-control-wrap\"><input  autocomplete=\"off\" type=\"hidden\" name=\"wpdev_captcha_challenge_1\"  id=\"wpdev_captcha_challenge_1\" value=\"649672726\" \/><input  autocomplete=\"off\" type=\"text\" class=\"captachinput\" value=\"\" name=\"captcha_input1\" id=\"captcha_input1\" \/><img decoding=\"async\" class=\"captcha_img\"  id=\"captcha_img1\" alt=\"To show CAPTCHA, please deactivate cache plugin or exclude this page from caching or disable CAPTCHA at WP Booking Calendar - Settings General page in Form Options section.\" src=\"https:\/\/linnek.se\/wp-content\/plugins\/booking\/js\/captcha\/tmp\/649672726.png\" \/><\/span> <\/div>\n\t\t\t<\/div>\n\t\t\t<div class=\"wpbc__row\">\n\t\t\t\t<div class=\"wpbc_r_submit wpbc__field\"><input type=\"button\" value=\"Send\" class=\"wpbc_button_light  btn btn\" onclick=\"wpbc_booking_form_submit(this.form,1, 'en_GB');\" \/> <\/div>\n\t\t\t<\/div>\n<\/div>\n\t<\/div>\n\t<\/div>\n<\/div><input id=\"bk_type1\" name=\"bk_type1\" class=\"\" type=\"hidden\" value=\"1\" \/><\/div><div id=\"submiting1\"><\/div><div class=\"form_bk_messages\" id=\"form_bk_messages1\" ><\/div><input type=\"hidden\" id=\"wpbc_nonceCALCULATE_THE_COST1\" name=\"wpbc_nonceCALCULATE_THE_COST1\" value=\"e74b28d01d\" \/><input type=\"hidden\" name=\"_wp_http_referer\" value=\"\/eng\/wp-json\/wp\/v2\/pages\/26263\" \/><input type=\"hidden\" name=\"trp-form-language\" value=\"eng\"\/><\/form><\/div><div id=\"booking_form_garbage1\" class=\"booking_form_garbage\"><\/div>","protected":false},"excerpt":{"rendered":"","protected":false},"author":0,"featured_media":0,"parent":0,"menu_order":0,"comment_status":"closed","ping_status":"closed","template":"","meta":{"_acf_changed":false,"_monsterinsights_skip_tracking":false,"_monsterinsights_sitenote_active":false,"_monsterinsights_sitenote_note":"","_monsterinsights_sitenote_category":0,"_s2mail":"","footnotes":""},"class_list":["post-26263","page","type-page","status-publish","hentry"],"acf":[],"yoast_head":"<!-- This site is optimized with the Yoast SEO plugin v27.5 - https:\/\/yoast.com\/product\/yoast-seo-wordpress\/ -->\n<title>Bokningsformul\u00e4r &#8226; Linn\u00e9k\u00e5ren<\/title>\n<meta name=\"robots\" content=\"index, follow, max-snippet:-1, max-image-preview:large, max-video-preview:-1\" \/>\n<link rel=\"canonical\" href=\"https:\/\/linnek.se\/eng\/wpbc-booking\/\" \/>\n<meta property=\"og:locale\" content=\"en_GB\" \/>\n<meta property=\"og:type\" content=\"article\" \/>\n<meta property=\"og:title\" content=\"Bokningsformul\u00e4r &#8226; Linn\u00e9k\u00e5ren\" \/>\n<meta property=\"og:url\" content=\"https:\/\/linnek.se\/eng\/wpbc-booking\/\" \/>\n<meta property=\"og:site_name\" content=\"Linn\u00e9k\u00e5ren\" \/>\n<meta property=\"article:publisher\" content=\"https:\/\/www.facebook.com\/Linnekaren.vaxjo\" \/>\n<meta property=\"og:image\" content=\"https:\/\/media.linnek.se\/2021\/08\/StyrelseTP-251.avif\" \/>\n\t<meta property=\"og:image:width\" content=\"2048\" \/>\n\t<meta property=\"og:image:height\" content=\"1367\" \/>\n\t<meta property=\"og:image:type\" content=\"image\/jpeg\" \/>\n<meta name=\"twitter:card\" content=\"summary_large_image\" \/>\n<script type=\"application\/ld+json\" class=\"yoast-schema-graph\">{\"@context\":\"https:\\\/\\\/schema.org\",\"@graph\":[{\"@type\":\"WebPage\",\"@id\":\"https:\\\/\\\/linnek.se\\\/wpbc-booking\\\/\",\"url\":\"https:\\\/\\\/linnek.se\\\/wpbc-booking\\\/\",\"name\":\"Bokningsformul\u00e4r &#8226; Linn\u00e9k\u00e5ren\",\"isPartOf\":{\"@id\":\"https:\\\/\\\/linnek.se\\\/#website\"},\"datePublished\":\"2023-11-09T16:26:17+00:00\",\"breadcrumb\":{\"@id\":\"https:\\\/\\\/linnek.se\\\/wpbc-booking\\\/#breadcrumb\"},\"inLanguage\":\"en-GB\",\"potentialAction\":[{\"@type\":\"ReadAction\",\"target\":[\"https:\\\/\\\/linnek.se\\\/wpbc-booking\\\/\"]}]},{\"@type\":\"BreadcrumbList\",\"@id\":\"https:\\\/\\\/linnek.se\\\/wpbc-booking\\\/#breadcrumb\",\"itemListElement\":[{\"@type\":\"ListItem\",\"position\":1,\"name\":\"Hem\",\"item\":\"https:\\\/\\\/linnek.se\\\/\"},{\"@type\":\"ListItem\",\"position\":2,\"name\":\"Bokningsformul\u00e4r\"}]},{\"@type\":\"WebSite\",\"@id\":\"https:\\\/\\\/linnek.se\\\/#website\",\"url\":\"https:\\\/\\\/linnek.se\\\/\",\"name\":\"Linn\u00e9k\u00e5ren\",\"description\":\"Studenternas r\u00f6st\",\"publisher\":{\"@id\":\"https:\\\/\\\/linnek.se\\\/#organization\"},\"potentialAction\":[{\"@type\":\"SearchAction\",\"target\":{\"@type\":\"EntryPoint\",\"urlTemplate\":\"https:\\\/\\\/linnek.se\\\/?s={search_term_string}\"},\"query-input\":{\"@type\":\"PropertyValueSpecification\",\"valueRequired\":true,\"valueName\":\"search_term_string\"}}],\"inLanguage\":\"en-GB\"},{\"@type\":\"Organization\",\"@id\":\"https:\\\/\\\/linnek.se\\\/#organization\",\"name\":\"Linn\u00e9k\u00e5ren\",\"url\":\"https:\\\/\\\/linnek.se\\\/\",\"logo\":{\"@type\":\"ImageObject\",\"inLanguage\":\"en-GB\",\"@id\":\"https:\\\/\\\/linnek.se\\\/#\\\/schema\\\/logo\\\/image\\\/\",\"url\":\"https:\\\/\\\/media.linnek.se\\\/2020\\\/03\\\/Logga-till-hemsida.png\",\"contentUrl\":\"https:\\\/\\\/media.linnek.se\\\/2020\\\/03\\\/Logga-till-hemsida.png\",\"width\":150,\"height\":150,\"caption\":\"Linn\u00e9k\u00e5ren\"},\"image\":{\"@id\":\"https:\\\/\\\/linnek.se\\\/#\\\/schema\\\/logo\\\/image\\\/\"},\"sameAs\":[\"https:\\\/\\\/www.facebook.com\\\/Linnekaren.vaxjo\",\"https:\\\/\\\/www.instagram.com\\\/linnekaren.vaxjo\\\/\",\"https:\\\/\\\/www.instagram.com\\\/linnekaren.kalmar\\\/\",\"https:\\\/\\\/www.facebook.com\\\/Linnekaren.kalmar\"]}]}<\/script>\n<!-- \/ Yoast SEO plugin. -->","yoast_head_json":{"title":"Bokningsformul\u00e4r &#8226; Linn\u00e9k\u00e5ren","robots":{"index":"index","follow":"follow","max-snippet":"max-snippet:-1","max-image-preview":"max-image-preview:large","max-video-preview":"max-video-preview:-1"},"canonical":"https:\/\/linnek.se\/eng\/wpbc-booking\/","og_locale":"en_GB","og_type":"article","og_title":"Bokningsformul\u00e4r &#8226; Linn\u00e9k\u00e5ren","og_url":"https:\/\/linnek.se\/eng\/wpbc-booking\/","og_site_name":"Linn\u00e9k\u00e5ren","article_publisher":"https:\/\/www.facebook.com\/Linnekaren.vaxjo","og_image":[{"width":2048,"height":1367,"url":"https:\/\/media.linnek.se\/2021\/08\/StyrelseTP-251.avif","type":"image\/jpeg"}],"twitter_card":"summary_large_image","schema":{"@context":"https:\/\/schema.org","@graph":[{"@type":"WebPage","@id":"https:\/\/linnek.se\/wpbc-booking\/","url":"https:\/\/linnek.se\/wpbc-booking\/","name":"Bokningsformul\u00e4r &#8226; Linn\u00e9k\u00e5ren","isPartOf":{"@id":"https:\/\/linnek.se\/#website"},"datePublished":"2023-11-09T16:26:17+00:00","breadcrumb":{"@id":"https:\/\/linnek.se\/wpbc-booking\/#breadcrumb"},"inLanguage":"en-GB","potentialAction":[{"@type":"ReadAction","target":["https:\/\/linnek.se\/wpbc-booking\/"]}]},{"@type":"BreadcrumbList","@id":"https:\/\/linnek.se\/wpbc-booking\/#breadcrumb","itemListElement":[{"@type":"ListItem","position":1,"name":"Hem","item":"https:\/\/linnek.se\/"},{"@type":"ListItem","position":2,"name":"Bokningsformul\u00e4r"}]},{"@type":"WebSite","@id":"https:\/\/linnek.se\/#website","url":"https:\/\/linnek.se\/","name":"Linn\u00e9k\u00e5ren","description":"Studenternas r\u00f6st","publisher":{"@id":"https:\/\/linnek.se\/#organization"},"potentialAction":[{"@type":"SearchAction","target":{"@type":"EntryPoint","urlTemplate":"https:\/\/linnek.se\/?s={search_term_string}"},"query-input":{"@type":"PropertyValueSpecification","valueRequired":true,"valueName":"search_term_string"}}],"inLanguage":"en-GB"},{"@type":"Organization","@id":"https:\/\/linnek.se\/#organization","name":"Linn\u00e9k\u00e5ren","url":"https:\/\/linnek.se\/","logo":{"@type":"ImageObject","inLanguage":"en-GB","@id":"https:\/\/linnek.se\/#\/schema\/logo\/image\/","url":"https:\/\/media.linnek.se\/2020\/03\/Logga-till-hemsida.png","contentUrl":"https:\/\/media.linnek.se\/2020\/03\/Logga-till-hemsida.png","width":150,"height":150,"caption":"Linn\u00e9k\u00e5ren"},"image":{"@id":"https:\/\/linnek.se\/#\/schema\/logo\/image\/"},"sameAs":["https:\/\/www.facebook.com\/Linnekaren.vaxjo","https:\/\/www.instagram.com\/linnekaren.vaxjo\/","https:\/\/www.instagram.com\/linnekaren.kalmar\/","https:\/\/www.facebook.com\/Linnekaren.kalmar"]}]}},"publishpress_future_action":{"enabled":false,"date":"2026-07-29 08:01:19","action":"change-status","newStatus":"draft","terms":[],"taxonomy":""},"publishpress_future_workflow_manual_trigger":{"enabledWorkflows":[]},"_links":{"self":[{"href":"https:\/\/linnek.se\/eng\/wp-json\/wp\/v2\/pages\/26263","targetHints":{"allow":["GET"]}}],"collection":[{"href":"https:\/\/linnek.se\/eng\/wp-json\/wp\/v2\/pages"}],"about":[{"href":"https:\/\/linnek.se\/eng\/wp-json\/wp\/v2\/types\/page"}],"replies":[{"embeddable":true,"href":"https:\/\/linnek.se\/eng\/wp-json\/wp\/v2\/comments?post=26263"}],"version-history":[{"count":0,"href":"https:\/\/linnek.se\/eng\/wp-json\/wp\/v2\/pages\/26263\/revisions"}],"wp:attachment":[{"href":"https:\/\/linnek.se\/eng\/wp-json\/wp\/v2\/media?parent=26263"}],"curies":[{"name":"wp","href":"https:\/\/api.w.org\/{rel}","templated":true}]}}